{"id":744,"date":"2023-12-10T22:37:42","date_gmt":"2023-12-10T22:37:42","guid":{"rendered":"https:\/\/fromm-gesellschaft.eu\/fromm-forum-online-edition\/"},"modified":"2024-03-09T13:35:01","modified_gmt":"2024-03-09T13:35:01","slug":"fromm-forum-online-edition","status":"publish","type":"page","link":"https:\/\/fromm-gesellschaft.eu\/en\/fromm-forum-online-edition\/","title":{"rendered":"Fromm Forum (English edition)"},"content":{"rendered":"<div data-colibri-id=\"458-c1\" class=\"style-279 style-local-458-c1 position-relative\">\n  <!----><\/p>\n<div data-colibri-component=\"section\" data-colibri-id=\"458-c2\" id=\"initial-content\" class=\"h-section h-section-global-spacing d-flex align-items-lg-center align-items-md-center align-items-center style-280 style-local-458-c2 position-relative\">\n    <!----><br \/>\n    <!----><\/p>\n<div class=\"h-section-grid-container h-section-boxed-container\">\n      <!----><\/p>\n<div data-colibri-id=\"458-c6\" class=\"h-row-container gutters-row-lg-2 gutters-row-md-2 gutters-row-0 gutters-row-v-lg-2 gutters-row-v-md-2 gutters-row-v-2 style-1527 style-local-458-c6 position-relative\">\n        <!----><\/p>\n<div class=\"h-row justify-content-lg-center justify-content-md-center justify-content-center align-items-lg-stretch align-items-md-stretch align-items-stretch gutters-col-lg-2 gutters-col-md-2 gutters-col-0 gutters-col-v-lg-2 gutters-col-v-md-2 gutters-col-v-2\">\n          <!----><\/p>\n<div class=\"h-column h-column-container d-flex h-col-lg-auto h-col-md-auto h-col-auto style-1528-outer style-local-458-c7-outer\">\n<div data-colibri-id=\"458-c7\" class=\"d-flex h-flex-basis h-column__inner h-px-lg-2 h-px-md-2 h-px-2 v-inner-lg-2 v-inner-md-2 v-inner-2 style-1528 style-local-458-c7 position-relative\">\n              <!----><br \/>\n              <!----><\/p>\n<div class=\"w-100 h-y-container h-column__content h-column__v-align flex-basis-100 align-self-lg-start align-self-md-start align-self-start\">\n                <!----><\/p>\n<div data-colibri-id=\"458-c9\" class=\"h-text h-text-component style-1530 style-local-458-c9 position-relative h-element\">\n                  <!----><br \/>\n                  <!----><\/p>\n<div class=\"\">\n<p>Das Fromm Forum ist die Jahreszeitschrift der Internationalen Erich-Fromm-Gesellschaft. Es erscheint jeweils Ende des Jahres als Druckerzeugnis in deutscher und englischer Sprache (die beiden Ausgaben enthalten nicht immer die selben<br \/>\n                      Artikel) und wird an die Mitglieder kostenlos versandt. Kurz darauf wird es hier als Datei zur Verf\u00fcgung gestellt.<\/p>\n<p>Das Fromm Forum enth\u00e4lt meist die Redebeitr\u00e4ge der jeweils vergangenen Tagungen und der Fromm-Preis-Verleihung, es berichtet \u00fcber die Aktivit\u00e4ten der Erich-Fromm-Gesellschaft und wartet mit interessanten Beitr\u00e4gen und Informationen<br \/>\n                      auf.<\/p>\n<p>Sie finden hier alle Ausgaben der englischsprachigen Ausgabe seit 1997.<\/p>\n<\/p><\/div>\n<\/p><\/div>\n<\/p><\/div>\n<\/p><\/div>\n<\/p><\/div>\n<\/p><\/div>\n<\/p><\/div>\n<div data-colibri-id=\"458-c3\" class=\"h-row-container gutters-row-lg-2 gutters-row-md-2 gutters-row-0 gutters-row-v-lg-2 gutters-row-v-md-2 gutters-row-v-2 style-281 style-local-458-c3 position-relative\">\n        <!----><\/p>\n<div class=\"h-row justify-content-lg-center justify-content-md-center justify-content-center align-items-lg-stretch align-items-md-stretch align-items-stretch gutters-col-lg-2 gutters-col-md-2 gutters-col-0 gutters-col-v-lg-2 gutters-col-v-md-2 gutters-col-v-2\">\n          <!----><\/p>\n<div class=\"h-column h-column-container d-flex h-col-lg-auto h-col-md-auto h-col-auto style-282-outer style-local-458-c4-outer\">\n<div data-colibri-id=\"458-c4\" class=\"d-flex h-flex-basis h-column__inner h-px-lg-2 h-px-md-2 h-px-2 v-inner-lg-2 v-inner-md-2 v-inner-2 style-282 style-local-458-c4 position-relative\">\n              <!----><br \/>\n              <!----><\/p>\n<div class=\"w-100 h-y-container h-column__content h-column__v-align flex-basis-100 align-self-lg-start align-self-md-start align-self-start\">\n                <!----><\/p>\n<div data-colibri-id=\"458-c5\" class=\"style-1526 style-local-458-c5 position-relative h-element\">\n                  <!----><\/p>\n<div class=\"\"><div class='w3eden wpdm_packages_shortcode'>\n    <div class=''>\n\n        <form method=\"get\" class=\"__wpdm_submit_async\" data-container=\"#content_wpdm_package_1\" id=\"sc_form_wpdm_package_1\" style=\"margin-bottom: 15px\">\n    \n            <div class=\"card panel panel-default wpdm-shortcode-toolbar\">\n                <div class=\"card-body panel-body\">\n                    <div class=\"row\">\n                        <div class=\"col-lg-6 col-md-12\">\n                            <input type=\"search\" name=\"skw\" value=\"\" placeholder=\"Search Keyword...\" class=\"form-control\" \/>\n                        <\/div>\n                        <div class=\"col-lg-2 col-md-4\">\n                            <select name=\"orderby_\" class=\"wpdm-custom-select custom-select\">\n                                <option value=\"date\" disabled=\"disabled\">Order By:<\/option>\n                                <option value=\"date\" >Publish Date<\/option>\n                                <option value=\"title\" >Title<\/option>\n                                <option value=\"update_date\" >Update Date<\/option>\n                                <option value=\"downloads\" >Downloads<\/option>\n                                <option value=\"views\" >Views<\/option>\n                            <\/select>\n                        <\/div>\n                        <div class=\"col-lg-2 col-md-4\">\n                            <select name=\"order_\" class=\"wpdm-custom-select custom-select\">\n                                <option value=\"desc\" disabled=\"disabled\">Order:<\/option>\n                                <option value=\"desc\" >Descending<\/option>\n                                <option value=\"asc\" >Ascending<\/option>\n                            <\/select>\n                        <\/div>\n                        <div class=\"col-lg-2 col-md-4\">\n                            <button type=\"submit\" class=\"btn btn-secondary btn-block\">Apply Filter<\/button>\n                        <\/div>\n                    <\/div>\n                <\/div>\n            <\/div>\n\n            <\/form>\n<div class=\"spacer mb-3 d-block clearfix\"><\/div>\n\n        <div id=\"content_wpdm_package_1\">\n            <div class='row'><div class='col-lg-3 col-md-6 col-12'><!-- WPDM Link Template: Card: Vertical -->\n\n<div class=\"card mb-3\">\n    <img src='https:\/\/fromm-gesellschaft.eu\/wp-content\/uploads\/wpdm-cache\/6d7d878e47f3a9a218883faed9563fd3.png' alt='Fromm Forum 29' class='card-img-top' style='' \/>    <div class=\"card-body\">\n        <h3 class=\"card-title ellipsis mb-2 mt-0 p-0\" style=\"font-size: 13pt\">Fromm Forum 29<\/h3>\n        <p class=\"card-text\">Do we Still Love Life?\n...<\/p>\n        <a href=\"https:\/\/fromm-gesellschaft.eu\/en\/wpdm-package\/fromm-forum-29-2\/\" class=\"btn btn-primary\">View Details<\/a>\n    <\/div>\n<\/div>\n<\/div><div class='col-lg-3 col-md-6 col-12'><!-- WPDM Link Template: Card: Vertical -->\n\n<div class=\"card mb-3\">\n    <img src='https:\/\/fromm-gesellschaft.eu\/wp-content\/uploads\/wpdm-cache\/324ef0023379907f12a41c13f30a561c.png' alt='Fromm Forum 28' class='card-img-top' style='' \/>    <div class=\"card-body\">\n        <h3 class=\"card-title ellipsis mb-2 mt-0 p-0\" style=\"font-size: 13pt\">Fromm Forum 28<\/h3>\n        <p class=\"card-text\">Erich Fromm\u2019s Early Writings and the Quest for Identity\n...<\/p>\n        <a href=\"https:\/\/fromm-gesellschaft.eu\/en\/wpdm-package\/fromm-forum-28-2\/\" class=\"btn btn-primary\">View Details<\/a>\n    <\/div>\n<\/div>\n<\/div><div class='col-lg-3 col-md-6 col-12'><!-- WPDM Link Template: Card: Vertical -->\n\n<div class=\"card mb-3\">\n    <img src='https:\/\/fromm-gesellschaft.eu\/wp-content\/uploads\/wpdm-cache\/6a7071efc0292a22ac33e4a5c6eaaaf1.png' alt='Fromm Forum 27' class='card-img-top' style='' \/>    <div class=\"card-body\">\n        <h3 class=\"card-title ellipsis mb-2 mt-0 p-0\" style=\"font-size: 13pt\">Fromm Forum 27<\/h3>\n        <p class=\"card-text\">Edition 2023: Why War? On the Roots of Destructiveness\n...<\/p>\n        <a href=\"https:\/\/fromm-gesellschaft.eu\/en\/wpdm-package\/fromm-forum-27-2\/\" class=\"btn btn-primary\">View Details<\/a>\n    <\/div>\n<\/div>\n<\/div><div class='col-lg-3 col-md-6 col-12'><!-- WPDM Link Template: Card: Vertical -->\n\n<div class=\"card mb-3\">\n    <img src='https:\/\/fromm-gesellschaft.eu\/wp-content\/uploads\/wpdm-cache\/d464fd081813d89f5cf458dc62b02854.png' alt='Fromm Forum 26' class='card-img-top' style='' \/>    <div class=\"card-body\">\n        <h3 class=\"card-title ellipsis mb-2 mt-0 p-0\" style=\"font-size: 13pt\">Fromm Forum 26<\/h3>\n        <p class=\"card-text\">Edition 2022: Erich Fromm - The Jewish Law\n...<\/p>\n        <a href=\"https:\/\/fromm-gesellschaft.eu\/en\/wpdm-package\/fromm-forum-26-2\/\" class=\"btn btn-primary\">View Details<\/a>\n    <\/div>\n<\/div>\n<\/div><div class='col-lg-3 col-md-6 col-12'><!-- WPDM Link Template: Card: Vertical -->\n\n<div class=\"card mb-3\">\n    <img src='https:\/\/fromm-gesellschaft.eu\/wp-content\/uploads\/wpdm-cache\/01b26f6537e31ee2485f4619c827fd28.jpg' alt='Fromm Forum 25' class='card-img-top' style='' \/>    <div class=\"card-body\">\n        <h3 class=\"card-title ellipsis mb-2 mt-0 p-0\" style=\"font-size: 13pt\">Fromm Forum 25<\/h3>\n        <p class=\"card-text\">Edition 2021: Political Dimensions of Psychoanalysis\n...<\/p>\n        <a href=\"https:\/\/fromm-gesellschaft.eu\/en\/wpdm-package\/fromm-forum-25-2\/\" class=\"btn btn-primary\">View Details<\/a>\n    <\/div>\n<\/div>\n<\/div><div class='col-lg-3 col-md-6 col-12'><!-- WPDM Link Template: Card: Vertical -->\n\n<div class=\"card mb-3\">\n    <img src='https:\/\/fromm-gesellschaft.eu\/wp-content\/uploads\/wpdm-cache\/3678493cc37b565d673bc4187a87e4eb.png' alt='Fromm Forum 24' class='card-img-top' style='' \/>    <div class=\"card-body\">\n        <h3 class=\"card-title ellipsis mb-2 mt-0 p-0\" style=\"font-size: 13pt\">Fromm Forum 24<\/h3>\n        <p class=\"card-text\">Edition 2020: Erich Fromm\u00b4s Early Writings\n...<\/p>\n        <a href=\"https:\/\/fromm-gesellschaft.eu\/en\/wpdm-package\/fromm-forum-24-2\/\" class=\"btn btn-primary\">View Details<\/a>\n    <\/div>\n<\/div>\n<\/div><div class='col-lg-3 col-md-6 col-12'><!-- WPDM Link Template: Card: Vertical -->\n\n<div class=\"card mb-3\">\n    <img src='https:\/\/fromm-gesellschaft.eu\/wp-content\/uploads\/wpdm-cache\/92a5693e8562c51cac96c38da107b6fe.jpg' alt='Fromm Forum 23' class='card-img-top' style='' \/>    <div class=\"card-body\">\n        <h3 class=\"card-title ellipsis mb-2 mt-0 p-0\" style=\"font-size: 13pt\">Fromm Forum 23<\/h3>\n        <p class=\"card-text\">Edition 2019: Putting Society on the Couch\n...<\/p>\n        <a href=\"https:\/\/fromm-gesellschaft.eu\/en\/wpdm-package\/fromm-forum-23-2\/\" class=\"btn btn-primary\">View Details<\/a>\n    <\/div>\n<\/div>\n<\/div><div class='col-lg-3 col-md-6 col-12'><!-- WPDM Link Template: Card: Vertical -->\n\n<div class=\"card mb-3\">\n    <img src='https:\/\/fromm-gesellschaft.eu\/wp-content\/uploads\/wpdm-cache\/7d312eed4362531655f748444ff9a051.jpg' alt='Fromm Forum 22' class='card-img-top' style='' \/>    <div class=\"card-body\">\n        <h3 class=\"card-title ellipsis mb-2 mt-0 p-0\" style=\"font-size: 13pt\">Fromm Forum 22<\/h3>\n        <p class=\"card-text\">Edition 2018: The Relevance of Erich Fromm's Ideas for Today\n...<\/p>\n        <a href=\"https:\/\/fromm-gesellschaft.eu\/en\/wpdm-package\/fromm-forum-22-2\/\" class=\"btn btn-primary\">View Details<\/a>\n    <\/div>\n<\/div>\n<\/div><div class='col-lg-3 col-md-6 col-12'><!-- WPDM Link Template: Card: Vertical -->\n\n<div class=\"card mb-3\">\n    <img src='https:\/\/fromm-gesellschaft.eu\/wp-content\/uploads\/wpdm-cache\/339ed822a42d8f36f82149274d1c2d1b.jpg' alt='Fromm Forum 21' class='card-img-top' style='' \/>    <div class=\"card-body\">\n        <h3 class=\"card-title ellipsis mb-2 mt-0 p-0\" style=\"font-size: 13pt\">Fromm Forum 21<\/h3>\n        <p class=\"card-text\">Edition 2017: Erich Fromm's victory over social amnesia\n...<\/p>\n        <a href=\"https:\/\/fromm-gesellschaft.eu\/en\/wpdm-package\/fromm-forum-21-2\/\" class=\"btn btn-primary\">View Details<\/a>\n    <\/div>\n<\/div>\n<\/div><div class='col-lg-3 col-md-6 col-12'><!-- WPDM Link Template: Card: Vertical -->\n\n<div class=\"card mb-3\">\n    <img src='https:\/\/fromm-gesellschaft.eu\/wp-content\/uploads\/wpdm-cache\/a036b801f9567636d4206524dab97f23.jpg' alt='Fromm Forum 20' class='card-img-top' style='' \/>    <div class=\"card-body\">\n        <h3 class=\"card-title ellipsis mb-2 mt-0 p-0\" style=\"font-size: 13pt\">Fromm Forum 20<\/h3>\n        <p class=\"card-text\">Edition 2016\n...<\/p>\n        <a href=\"https:\/\/fromm-gesellschaft.eu\/en\/wpdm-package\/fromm-forum-20-2\/\" class=\"btn btn-primary\">View Details<\/a>\n    <\/div>\n<\/div>\n<\/div><div class='col-lg-3 col-md-6 col-12'><!-- WPDM Link Template: Card: Vertical -->\n\n<div class=\"card mb-3\">\n    <img src='https:\/\/fromm-gesellschaft.eu\/wp-content\/uploads\/wpdm-cache\/d362b565452dd08d80c68338f6caeb24.jpg' alt='Fromm Forum 19' class='card-img-top' style='' \/>    <div class=\"card-body\">\n        <h3 class=\"card-title ellipsis mb-2 mt-0 p-0\" style=\"font-size: 13pt\">Fromm Forum 19<\/h3>\n        <p class=\"card-text\">Edition 2015\n...<\/p>\n        <a href=\"https:\/\/fromm-gesellschaft.eu\/en\/wpdm-package\/fromm-forum-19\/\" class=\"btn btn-primary\">View Details<\/a>\n    <\/div>\n<\/div>\n<\/div><div class='col-lg-3 col-md-6 col-12'><!-- WPDM Link Template: Card: Vertical -->\n\n<div class=\"card mb-3\">\n    <img src='https:\/\/fromm-gesellschaft.eu\/wp-content\/uploads\/wpdm-cache\/11f5577c041b18ad555628eafab078d8.jpg' alt='Fromm Forum 18' class='card-img-top' style='' \/>    <div class=\"card-body\">\n        <h3 class=\"card-title ellipsis mb-2 mt-0 p-0\" style=\"font-size: 13pt\">Fromm Forum 18<\/h3>\n        <p class=\"card-text\">Edition 2014\n...<\/p>\n        <a href=\"https:\/\/fromm-gesellschaft.eu\/en\/wpdm-package\/fromm-forum-18-2\/\" class=\"btn btn-primary\">View Details<\/a>\n    <\/div>\n<\/div>\n<\/div><\/div>            <div style='clear:both'><\/div><div class='text-center'><ul class='pagination wpdm-pagination pagination-centered text-center async'><li><span aria-current=\"page\" class=\"page-numbers current\">1<\/span><\/li><li><a  data-container='#content_wpdm_package_1' class=\"page-numbers\" href=\"https:\/\/fromm-gesellschaft.eu\/en\/wp-json\/wp\/v2\/pages\/744\/?cp=2\">2<\/a><\/li><li><a  data-container='#content_wpdm_package_1' class=\"page-numbers\" href=\"https:\/\/fromm-gesellschaft.eu\/en\/wp-json\/wp\/v2\/pages\/744\/?cp=3\">3<\/a><\/li><li><a  data-container='#content_wpdm_package_1' class=\"next page-numbers\" href=\"https:\/\/fromm-gesellschaft.eu\/en\/wp-json\/wp\/v2\/pages\/744\/?cp=2\"> <i style=\"display: inline-block;width: 8px;height: 8px;border-right: 2px solid;border-top: 2px solid;transform: rotate(45deg);margin-left: -2px;margin-top: -2px;\"><\/i> <\/a><\/li><\/ul><\/div><div style='clear:both'><\/div>        <\/div>\n\n        <div style='clear:both'><\/div>\n    <\/div>\n<\/div>\n<\/div>\n<\/p><\/div>\n<\/p><\/div>\n<\/p><\/div>\n<\/p><\/div>\n<\/p><\/div>\n<\/p><\/div>\n<\/p><\/div>\n<\/p><\/div>\n<\/div>\n","protected":false},"excerpt":{"rendered":"<p>Das Fromm Forum ist die Jahreszeitschrift der Internationalen Erich-Fromm-Gesellschaft. Es erscheint jeweils Ende des Jahres als Druckerzeugnis in deutscher und englischer Sprache (die beiden Ausgaben enthalten nicht immer die selben [&hellip;]<\/p>\n","protected":false},"author":1,"featured_media":704,"parent":0,"menu_order":0,"comment_status":"closed","ping_status":"closed","template":"page-templates\/full-width-page.php","meta":{"_EventAllDay":false,"_EventTimezone":"","_EventStartDate":"","_EventEndDate":"","_EventStartDateUTC":"","_EventEndDateUTC":"","_EventShowMap":false,"_EventShowMapLink":false,"_EventURL":"","_EventCost":"","_EventCostDescription":"","_EventCurrencySymbol":"","_EventCurrencyCode":"","_EventCurrencyPosition":"","_EventDateTimeSeparator":"","_EventTimeRangeSeparator":"","_EventOrganizerID":[],"_EventVenueID":[],"_OrganizerEmail":"","_OrganizerPhone":"","_OrganizerWebsite":"","_VenueAddress":"","_VenueCity":"","_VenueCountry":"","_VenueProvince":"","_VenueState":"","_VenueZip":"","_VenuePhone":"","_VenueURL":"","_VenueStateProvince":"","_VenueLat":"","_VenueLng":"","_VenueShowMap":false,"_VenueShowMapLink":false,"footnotes":""},"categories":[],"tags":[],"class_list":["post-744","page","type-page","status-publish","has-post-thumbnail","hentry"],"_links":{"self":[{"href":"https:\/\/fromm-gesellschaft.eu\/en\/wp-json\/wp\/v2\/pages\/744","targetHints":{"allow":["GET"]}}],"collection":[{"href":"https:\/\/fromm-gesellschaft.eu\/en\/wp-json\/wp\/v2\/pages"}],"about":[{"href":"https:\/\/fromm-gesellschaft.eu\/en\/wp-json\/wp\/v2\/types\/page"}],"author":[{"embeddable":true,"href":"https:\/\/fromm-gesellschaft.eu\/en\/wp-json\/wp\/v2\/users\/1"}],"replies":[{"embeddable":true,"href":"https:\/\/fromm-gesellschaft.eu\/en\/wp-json\/wp\/v2\/comments?post=744"}],"version-history":[{"count":9,"href":"https:\/\/fromm-gesellschaft.eu\/en\/wp-json\/wp\/v2\/pages\/744\/revisions"}],"predecessor-version":[{"id":6344,"href":"https:\/\/fromm-gesellschaft.eu\/en\/wp-json\/wp\/v2\/pages\/744\/revisions\/6344"}],"wp:featuredmedia":[{"embeddable":true,"href":"https:\/\/fromm-gesellschaft.eu\/en\/wp-json\/wp\/v2\/media\/704"}],"wp:attachment":[{"href":"https:\/\/fromm-gesellschaft.eu\/en\/wp-json\/wp\/v2\/media?parent=744"}],"wp:term":[{"taxonomy":"category","embeddable":true,"href":"https:\/\/fromm-gesellschaft.eu\/en\/wp-json\/wp\/v2\/categories?post=744"},{"taxonomy":"post_tag","embeddable":true,"href":"https:\/\/fromm-gesellschaft.eu\/en\/wp-json\/wp\/v2\/tags?post=744"}],"curies":[{"name":"wp","href":"https:\/\/api.w.org\/{rel}","templated":true}]}}