{"id":8847,"date":"2024-07-25T17:43:43","date_gmt":"2024-07-25T15:43:43","guid":{"rendered":"https:\/\/fromm-gesellschaft.eu\/newsletter-2\/"},"modified":"2024-08-08T18:47:21","modified_gmt":"2024-08-08T16:47:21","slug":"newsletter-2","status":"publish","type":"page","link":"https:\/\/fromm-gesellschaft.eu\/en\/newsletter-2\/","title":{"rendered":"Newsletter"},"content":{"rendered":"<div data-colibri-id=\"8827-c1\" class=\"style-2034 style-local-8827-c1 position-relative\">\n  <!----><\/p>\n<div data-colibri-component=\"section\" data-colibri-id=\"8827-c2\" id=\"initial-content\" class=\"h-section h-section-global-spacing d-flex align-items-lg-center align-items-md-center align-items-center style-2035 style-local-8827-c2 position-relative\">\n    <!----><br \/>\n    <!----><\/p>\n<div class=\"h-section-grid-container h-section-boxed-container\">\n      <!----><\/p>\n<div data-colibri-id=\"8827-c14\" class=\"h-row-container gutters-row-lg-2 gutters-row-md-2 gutters-row-0 gutters-row-v-lg-2 gutters-row-v-md-2 gutters-row-v-2 style-2050 style-local-8827-c14 position-relative\">\n        <!----><\/p>\n<div class=\"h-row justify-content-lg-center justify-content-md-center justify-content-center align-items-lg-stretch align-items-md-stretch align-items-stretch gutters-col-lg-2 gutters-col-md-2 gutters-col-0 gutters-col-v-lg-2 gutters-col-v-md-2 gutters-col-v-2\">\n          <!----><\/p>\n<div class=\"h-column h-column-container d-flex h-col-lg-auto h-col-md-auto h-col-auto style-2051-outer style-local-8827-c15-outer\">\n<div data-colibri-id=\"8827-c15\" class=\"d-flex h-flex-basis h-column__inner h-px-lg-2 h-px-md-2 h-px-2 v-inner-lg-2 v-inner-md-2 v-inner-2 style-2051 style-local-8827-c15 position-relative\">\n              <!----><br \/>\n              <!----><\/p>\n<div class=\"w-100 h-y-container h-column__content h-column__v-align flex-basis-100 align-self-lg-start align-self-md-start align-self-start\">\n                <!----><\/p>\n<div data-colibri-id=\"8827-c16\" class=\"h-global-transition-all h-heading style-2052 style-local-8827-c16 position-relative h-element\">\n                  <!----><\/p>\n<div class=\"h-heading__outer style-2052 style-local-8827-c16\">\n                    <!----><br \/>\n                    <!----><\/p>\n<h3 class=\"\">Anmeldung zum Newsletter<\/h3>\n<\/p>\n<\/div>\n<\/div>\n<\/div>\n<\/div>\n<\/div>\n<\/div>\n<\/div>\n<div data-colibri-id=\"8827-c6\" class=\"h-row-container gutters-row-lg-2 gutters-row-md-2 gutters-row-0 gutters-row-v-lg-2 gutters-row-v-md-2 gutters-row-v-2 style-2036 style-local-8827-c6 position-relative\">\n        <!----><\/p>\n<div class=\"h-row justify-content-lg-center justify-content-md-center justify-content-center align-items-lg-stretch align-items-md-stretch align-items-stretch gutters-col-lg-2 gutters-col-md-2 gutters-col-0 gutters-col-v-lg-2 gutters-col-v-md-2 gutters-col-v-2\">\n          <!----><\/p>\n<div class=\"h-column h-column-container d-flex h-col-lg-auto h-col-md-auto h-col-auto style-2037-outer style-local-8827-c7-outer\">\n<div data-colibri-id=\"8827-c7\" class=\"d-flex h-flex-basis h-column__inner h-px-lg-2 h-px-md-2 h-px-2 v-inner-lg-2 v-inner-md-2 v-inner-2 style-2037 style-local-8827-c7 position-relative\">\n              <!----><br \/>\n              <!----><\/p>\n<div class=\"w-100 h-y-container h-column__content h-column__v-align flex-basis-100 align-self-lg-start align-self-md-start align-self-start\">\n                <!----><\/p>\n<div data-colibri-id=\"8827-c8\" class=\"style-2040 style-local-8827-c8 position-relative h-element\">\n                  <!----><\/p>\n<div class=\"\">  \n  \n  <div class=\"\n    mailpoet_form_popup_overlay\n      \"><\/div>\n  <div\n    id=\"mailpoet_form_1\"\n    class=\"\n      mailpoet_form\n      mailpoet_form_shortcode\n      mailpoet_form_position_\n      mailpoet_form_animation_\n    \"\n      >\n\n    <style type=\"text\/css\">\n     #mailpoet_form_1 .mailpoet_form {  }\n#mailpoet_form_1 .mailpoet_column_with_background { padding: 10px; }\n#mailpoet_form_1 .mailpoet_form_column:not(:first-child) { margin-left: 20px; }\n#mailpoet_form_1 .mailpoet_paragraph { line-height: 20px; margin-bottom: 20px; }\n#mailpoet_form_1 .mailpoet_segment_label, #mailpoet_form_1 .mailpoet_text_label, #mailpoet_form_1 .mailpoet_textarea_label, #mailpoet_form_1 .mailpoet_select_label, #mailpoet_form_1 .mailpoet_radio_label, #mailpoet_form_1 .mailpoet_checkbox_label, #mailpoet_form_1 .mailpoet_list_label, #mailpoet_form_1 .mailpoet_date_label { display: block; font-weight: normal; }\n#mailpoet_form_1 .mailpoet_text, #mailpoet_form_1 .mailpoet_textarea, #mailpoet_form_1 .mailpoet_select, #mailpoet_form_1 .mailpoet_date_month, #mailpoet_form_1 .mailpoet_date_day, #mailpoet_form_1 .mailpoet_date_year, #mailpoet_form_1 .mailpoet_date { display: block; }\n#mailpoet_form_1 .mailpoet_text, #mailpoet_form_1 .mailpoet_textarea { width: 200px; }\n#mailpoet_form_1 .mailpoet_checkbox {  }\n#mailpoet_form_1 .mailpoet_submit {  }\n#mailpoet_form_1 .mailpoet_divider {  }\n#mailpoet_form_1 .mailpoet_message {  }\n#mailpoet_form_1 .mailpoet_form_loading { width: 30px; text-align: center; line-height: normal; }\n#mailpoet_form_1 .mailpoet_form_loading > span { width: 5px; height: 5px; background-color: #5b5b5b; }#mailpoet_form_1{border-radius: 0px;text-align: left;}#mailpoet_form_1 form.mailpoet_form {padding: 20px;}#mailpoet_form_1{width: 100%;}#mailpoet_form_1 .mailpoet_message {margin: 0; padding: 0 20px;}#mailpoet_form_1 .mailpoet_paragraph.last {margin-bottom: 0} @media (max-width: 500px) {#mailpoet_form_1 {background-image: none;}} @media (min-width: 500px) {#mailpoet_form_1 .last .mailpoet_paragraph:last-child {margin-bottom: 0}}  @media (max-width: 500px) {#mailpoet_form_1 .mailpoet_form_column:last-child .mailpoet_paragraph:last-child {margin-bottom: 0}} \n    <\/style>\n\n    <form\n      target=\"_self\"\n      method=\"post\"\n      action=\"https:\/\/fromm-gesellschaft.eu\/wp-admin\/admin-post.php?action=mailpoet_subscription_form\"\n      class=\"mailpoet_form mailpoet_form_form mailpoet_form_shortcode\"\n      novalidate\n      data-delay=\"\"\n      data-exit-intent-enabled=\"\"\n      data-trigger-mode=\"\"\n      data-click-trigger-selector=\"\"\n      data-font-family=\"\"\n      data-cookie-expiration-time=\"\"\n    >\n      <input type=\"hidden\" name=\"data[form_id]\" value=\"1\" \/>\n      <input type=\"hidden\" name=\"token\" value=\"778cf96f3b\" \/>\n      <input type=\"hidden\" name=\"api_version\" value=\"v1\" \/>\n      <input type=\"hidden\" name=\"endpoint\" value=\"subscribers\" \/>\n      <input type=\"hidden\" name=\"mailpoet_method\" value=\"subscribe\" \/>\n\n      <label class=\"mailpoet_hp_email_label\" style=\"display: none !important;\">Please leave this field empty<input type=\"email\" name=\"data[email]\"\/><\/label><p class=\"mailpoet_form_paragraph  mailpoet-has-font-size\" style=\"text-align: left; font-size: 16px\">Regelm\u00e4\u00dfig informieren wir per Newsletter \u00fcber die Neuigkeiten, Aktivit\u00e4ten und Veranstaltung in der und rund um die Erich-Fromm-Gesellschaft. Hier k\u00f6nnen Sie den Newsletter abonnieren und erhalten dann alles frei Haus per Mail.<\/p>\n<div class=\"mailpoet_paragraph \"><input type=\"email\" autocomplete=\"email\" class=\"mailpoet_text\" id=\"form_email_1\" name=\"data[form_field_OWY3Mjk3Yjk0OGFhX2VtYWls]\" title=\"E-Mail-Adresse\" value=\"\" style=\"width:100%;box-sizing:border-box;padding:5px;margin: 0 auto 0 0;\" data-automation-id=\"form_email\"  placeholder=\"E-Mail-Adresse *\" aria-label=\"E-Mail-Adresse *\" data-parsley-errors-container=\".mailpoet_error_1s3f1\" data-parsley-required=\"true\" required aria-required=\"true\" data-parsley-minlength=\"6\" data-parsley-maxlength=\"150\" data-parsley-type-message=\"This value should be a valid email.\" data-parsley-required-message=\"This field is required.\"\/><span class=\"mailpoet_error_1s3f1\"><\/span><\/div>\n<div class=\"mailpoet_paragraph \"><input type=\"submit\" class=\"mailpoet_submit\" value=\"Newsletter abonnieren\" data-automation-id=\"subscribe-submit-button\" style=\"width:100%;box-sizing:border-box;padding:5px;margin: 0 auto 0 0;border-color:transparent;\" \/><span class=\"mailpoet_form_loading\"><span class=\"mailpoet_bounce1\"><\/span><span class=\"mailpoet_bounce2\"><\/span><span class=\"mailpoet_bounce3\"><\/span><\/span><\/div>\n<p class=\"mailpoet_form_paragraph \" style=\"text-align: left\"><\/p>\n\n      <div class=\"mailpoet_message\">\n        <p class=\"mailpoet_validate_success\"\n                style=\"display:none;\"\n                >Pr\u00fcfe deinen Posteingang oder Spam-Ordner, um dein Abonnement zu best\u00e4tigen.\n        <\/p>\n        <p class=\"mailpoet_validate_error\"\n                style=\"display:none;\"\n                >        <\/p>\n      <\/div>\n    <\/form>\n\n      <\/div>\n\n  <\/div>\n<\/p>\n<\/div>\n<\/div>\n<\/div>\n<\/div>\n<\/div>\n<\/div>\n<div data-colibri-id=\"8827-c10\" class=\"h-row-container gutters-row-lg-2 gutters-row-md-2 gutters-row-0 gutters-row-v-lg-2 gutters-row-v-md-2 gutters-row-v-2 style-2041 style-local-8827-c10 position-relative\">\n        <!----><\/p>\n<div class=\"h-row justify-content-lg-center justify-content-md-center justify-content-center align-items-lg-stretch align-items-md-stretch align-items-stretch gutters-col-lg-2 gutters-col-md-2 gutters-col-0 gutters-col-v-lg-2 gutters-col-v-md-2 gutters-col-v-2\">\n          <!----><\/p>\n<div class=\"h-column h-column-container d-flex h-col-lg-auto h-col-md-auto h-col-auto style-2042-outer style-local-8827-c11-outer\">\n<div data-colibri-id=\"8827-c11\" class=\"d-flex h-flex-basis h-column__inner h-px-lg-2 h-px-md-2 h-px-2 v-inner-lg-2 v-inner-md-2 v-inner-2 style-2042 style-local-8827-c11 position-relative\">\n              <!----><br \/>\n              <!----><\/p>\n<div class=\"w-100 h-y-container h-column__content h-column__v-align flex-basis-100 align-self-lg-start align-self-md-start align-self-start\">\n                <!----><\/p>\n<div data-colibri-id=\"8827-c12\" class=\"h-global-transition-all h-heading style-2045 style-local-8827-c12 position-relative h-element\">\n                  <!----><\/p>\n<div class=\"h-heading__outer style-2045 style-local-8827-c12\">\n                    <!----><br \/>\n                    <!----><\/p>\n<h3 class=\"\">Letzte Newsletter:<\/h3>\n<\/p>\n<\/div>\n<\/div>\n<div data-colibri-id=\"8827-c13\" class=\"style-2044 style-local-8827-c13 position-relative h-element\">\n                  <!----><\/p>\n<div class=\"\"><ul class=\"mailpoet_archive\"><li><span class=\"mailpoet_archive_date\">2. February 2026<\/span>\n          <span class=\"mailpoet_archive_subject\"><a href=\"https:\/\/fromm-gesellschaft.eu\/en?mailpoet_router&amp;endpoint=view_in_browser&amp;action=view&amp;data=WzExLCI3YWM4ZDc2YWQwY2EiLDAsMCw3NSwxXQ\" target=\"_blank\" title=\"Preview in a new tab\">Erster Newsletter 2026 - 50 Jahre Haben oder Sein<\/a><\/span>\n        <\/li><li><span class=\"mailpoet_archive_date\">18. August 2025<\/span>\n          <span class=\"mailpoet_archive_subject\"><a href=\"https:\/\/fromm-gesellschaft.eu\/en?mailpoet_router&amp;endpoint=view_in_browser&amp;action=view&amp;data=WzEwLCI2ZjFmMTE5NTgxYmQiLDAsMCw1OCwxXQ\" target=\"_blank\" title=\"Preview in a new tab\">Dritter Newsletter 2025<\/a><\/span>\n        <\/li><li><span class=\"mailpoet_archive_date\">5. May 2025<\/span>\n          <span class=\"mailpoet_archive_subject\"><a href=\"https:\/\/fromm-gesellschaft.eu\/en?mailpoet_router&amp;endpoint=view_in_browser&amp;action=view&amp;data=WzksImY0MGQ1NmVmMTc2NCIsMCwwLDUwLDFd\" target=\"_blank\" title=\"Preview in a new tab\">Zweiter Newsletter 2025<\/a><\/span>\n        <\/li><li><span class=\"mailpoet_archive_date\">17. February 2025<\/span>\n          <span class=\"mailpoet_archive_subject\"><a href=\"https:\/\/fromm-gesellschaft.eu\/en?mailpoet_router&amp;endpoint=view_in_browser&amp;action=view&amp;data=WzgsIjBkYTFjM2Y5ZWIxNiIsMCwwLDM3LDFd\" target=\"_blank\" title=\"Preview in a new tab\">Newsletter der Internationalen Erich-Fromm-Gesellschaft<\/a><\/span>\n        <\/li><li><span class=\"mailpoet_archive_date\">9. December 2024<\/span>\n          <span class=\"mailpoet_archive_subject\"><a href=\"https:\/\/fromm-gesellschaft.eu\/en?mailpoet_router&amp;endpoint=view_in_browser&amp;action=view&amp;data=WzcsImQ4Y2NlY2Q1MjVmYSIsMCwwLDI1LDFd\" target=\"_blank\" title=\"Preview in a new tab\">Leser, hier kommt der Newsletter der Internationalen Erich Fromm Gesellschaft<\/a><\/span>\n        <\/li><li><span class=\"mailpoet_archive_date\">9. August 2024<\/span>\n          <span class=\"mailpoet_archive_subject\"><a href=\"https:\/\/fromm-gesellschaft.eu\/en?mailpoet_router&amp;endpoint=view_in_browser&amp;action=view&amp;data=WzQsIjE1NDMwOWMxODE1NiIsMCwwLDIsMV0\" target=\"_blank\" title=\"Preview in a new tab\">Newsletter 1 August 2024<\/a><\/span>\n        <\/li><\/ul><\/div>\n<\/p>\n<\/div>\n<\/div>\n<\/div>\n<\/div>\n<\/div>\n<\/div>\n<\/div>\n<\/div>\n<\/div>\n","protected":false},"excerpt":{"rendered":"<p>Anmeldung zum Newsletter Letzte Newsletter:<\/p>\n","protected":false},"author":1,"featured_media":0,"parent":0,"menu_order":0,"comment_status":"closed","ping_status":"closed","template":"page-templates\/full-width-page.php","meta":{"_EventAllDay":false,"_EventTimezone":"","_EventStartDate":"","_EventEndDate":"","_EventStartDateUTC":"","_EventEndDateUTC":"","_EventShowMap":false,"_EventShowMapLink":false,"_EventURL":"","_EventCost":"","_EventCostDescription":"","_EventCurrencySymbol":"","_EventCurrencyCode":"","_EventCurrencyPosition":"","_EventDateTimeSeparator":"","_EventTimeRangeSeparator":"","_EventOrganizerID":[],"_EventVenueID":[],"_OrganizerEmail":"","_OrganizerPhone":"","_OrganizerWebsite":"","_VenueAddress":"","_VenueCity":"","_VenueCountry":"","_VenueProvince":"","_VenueState":"","_VenueZip":"","_VenuePhone":"","_VenueURL":"","_VenueStateProvince":"","_VenueLat":"","_VenueLng":"","_VenueShowMap":false,"_VenueShowMapLink":false,"footnotes":""},"categories":[],"tags":[],"class_list":["post-8847","page","type-page","status-publish","hentry"],"_links":{"self":[{"href":"https:\/\/fromm-gesellschaft.eu\/en\/wp-json\/wp\/v2\/pages\/8847","targetHints":{"allow":["GET"]}}],"collection":[{"href":"https:\/\/fromm-gesellschaft.eu\/en\/wp-json\/wp\/v2\/pages"}],"about":[{"href":"https:\/\/fromm-gesellschaft.eu\/en\/wp-json\/wp\/v2\/types\/page"}],"author":[{"embeddable":true,"href":"https:\/\/fromm-gesellschaft.eu\/en\/wp-json\/wp\/v2\/users\/1"}],"replies":[{"embeddable":true,"href":"https:\/\/fromm-gesellschaft.eu\/en\/wp-json\/wp\/v2\/comments?post=8847"}],"version-history":[{"count":4,"href":"https:\/\/fromm-gesellschaft.eu\/en\/wp-json\/wp\/v2\/pages\/8847\/revisions"}],"predecessor-version":[{"id":8878,"href":"https:\/\/fromm-gesellschaft.eu\/en\/wp-json\/wp\/v2\/pages\/8847\/revisions\/8878"}],"wp:attachment":[{"href":"https:\/\/fromm-gesellschaft.eu\/en\/wp-json\/wp\/v2\/media?parent=8847"}],"wp:term":[{"taxonomy":"category","embeddable":true,"href":"https:\/\/fromm-gesellschaft.eu\/en\/wp-json\/wp\/v2\/categories?post=8847"},{"taxonomy":"post_tag","embeddable":true,"href":"https:\/\/fromm-gesellschaft.eu\/en\/wp-json\/wp\/v2\/tags?post=8847"}],"curies":[{"name":"wp","href":"https:\/\/api.w.org\/{rel}","templated":true}]}}